{"id":6428,"date":"2024-01-15T02:06:08","date_gmt":"2024-01-15T08:06:08","guid":{"rendered":"https:\/\/techmeetings.net\/?page_id=6428"},"modified":"2024-01-15T10:00:01","modified_gmt":"2024-01-15T16:00:01","slug":"gamificacion","status":"publish","type":"page","link":"https:\/\/techmeetings.net\/index.php\/gamificacion\/","title":{"rendered":"Gamificaci\u00f3n para stand"},"content":{"rendered":"\t\t<div data-elementor-type=\"wp-page\" data-elementor-id=\"6428\" class=\"elementor elementor-6428\">\n\t\t\t\t\t\t\t<div class=\"elementor-element elementor-element-f2b2124 e-flex e-con-boxed e-con e-parent\" data-id=\"f2b2124\" data-element_type=\"container\" data-settings=\"{&quot;content_width&quot;:&quot;boxed&quot;}\" data-core-v316-plus=\"true\">\n\t\t\t\t\t<div class=\"e-con-inner\">\n\t\t\t\t<div class=\"elementor-element elementor-element-9c5f4f0 elementor-widget elementor-widget-heading\" data-id=\"9c5f4f0\" data-element_type=\"widget\" data-widget_type=\"heading.default\">\n\t\t\t\t<div class=\"elementor-widget-container\">\n\t\t\t<style>\/*! elementor - v3.18.0 - 20-12-2023 *\/\n.elementor-heading-title{padding:0;margin:0;line-height:1}.elementor-widget-heading .elementor-heading-title[class*=elementor-size-]>a{color:inherit;font-size:inherit;line-height:inherit}.elementor-widget-heading .elementor-heading-title.elementor-size-small{font-size:15px}.elementor-widget-heading .elementor-heading-title.elementor-size-medium{font-size:19px}.elementor-widget-heading .elementor-heading-title.elementor-size-large{font-size:29px}.elementor-widget-heading .elementor-heading-title.elementor-size-xl{font-size:39px}.elementor-widget-heading .elementor-heading-title.elementor-size-xxl{font-size:59px}<\/style><h1 class=\"elementor-heading-title elementor-size-default\">Gamificaci\u00f3n para stand<\/h1>\t\t<\/div>\n\t\t\t\t<\/div>\n\t\t\t\t\t<\/div>\n\t\t\t\t<\/div>\n\t\t<div class=\"elementor-element elementor-element-5b4b97b e-flex e-con-boxed e-con e-parent\" data-id=\"5b4b97b\" data-element_type=\"container\" data-settings=\"{&quot;content_width&quot;:&quot;boxed&quot;}\" data-core-v316-plus=\"true\">\n\t\t\t\t\t<div class=\"e-con-inner\">\n\t\t<div class=\"elementor-element elementor-element-006a878 e-con-full e-flex e-con e-child\" data-id=\"006a878\" data-element_type=\"container\" data-settings=\"{&quot;content_width&quot;:&quot;full&quot;}\">\n\t\t\t\t<div class=\"elementor-element elementor-element-d11e5fc elementor-widget elementor-widget-ld_fancy_image\" data-id=\"d11e5fc\" data-element_type=\"widget\" data-widget_type=\"ld_fancy_image.default\">\n\t\t\t\t<div class=\"elementor-widget-container\">\n\t\t\t\n\t\t<div class=\"lqd-imggrp-single d-block pos-rel \">\n\t\t\t<div class=\"lqd-imggrp-img-container d-inline-flex pos-rel align-items-center justify-content-center \">\n\t\t\t\t\t\t\t\t<figure class=\"w-100 pos-rel\">\n\t\t\t\t\t<img fetchpriority=\"high\" decoding=\"async\" width=\"1103\" height=\"1474\" src=\"https:\/\/techmeetings.net\/wp-content\/uploads\/2024\/01\/GAMIFICACION-2.jpg\" class=\"attachment-full size-full wp-image-6424\" alt=\"\" srcset=\"https:\/\/techmeetings.net\/wp-content\/uploads\/2024\/01\/GAMIFICACION-2.jpg 1103w, https:\/\/techmeetings.net\/wp-content\/uploads\/2024\/01\/GAMIFICACION-2-224x300.jpg 224w, https:\/\/techmeetings.net\/wp-content\/uploads\/2024\/01\/GAMIFICACION-2-766x1024.jpg 766w\" sizes=\"(max-width: 1103px) 100vw, 1103px\" itemprop=\"image\" \/>\t\t\t\t\t\t\t\t\t\t\t\t\t\t\t\t\t\t\t\t\t\t\t\t\t\t\t\t\t<\/figure>\n\t\t\t<\/div>\n\t\t<\/div>\n\n\t\t\t<\/div>\n\t\t\t\t<\/div>\n\t\t\t\t<\/div>\n\t\t<div class=\"elementor-element elementor-element-1e75928 e-con-full e-flex e-con e-child\" data-id=\"1e75928\" data-element_type=\"container\" data-settings=\"{&quot;content_width&quot;:&quot;full&quot;}\">\n\t\t\t\t<div class=\"elementor-element elementor-element-ad75e02 elementor-widget elementor-widget-heading\" data-id=\"ad75e02\" data-element_type=\"widget\" data-widget_type=\"heading.default\">\n\t\t\t\t<div class=\"elementor-widget-container\">\n\t\t\t<h3 class=\"elementor-heading-title elementor-size-default\">Combina la tecnolog\u00eda de realidad virtual con elementos de juego interactivo para crear experiencias inmersivas y educativas.\nLos usuarios interact\u00faan en entornos 3D, Realidad Virtual, resuelven desaf\u00edos y ganan recompensas, mejorando la interacci\u00f3n y el aprendizaje a trav\u00e9s de la diversi\u00f3n.<\/h3>\t\t<\/div>\n\t\t\t\t<\/div>\n\t\t\t\t<\/div>\n\t\t\t\t\t<\/div>\n\t\t\t\t<\/div>\n\t\t\t\t\t\t\t<\/div>\n\t\t","protected":false},"excerpt":{"rendered":"<p>Gamificaci\u00f3n para stand Combina la tecnolog\u00eda de realidad virtual con elementos de juego interactivo para crear experiencias inmersivas y educativas. Los usuarios interact\u00faan en entornos 3D, Realidad Virtual, resuelven desaf\u00edos y ganan recompensas, mejorando la interacci\u00f3n y el aprendizaje a trav\u00e9s de la diversi\u00f3n.<\/p>\n","protected":false},"author":1,"featured_media":0,"parent":0,"menu_order":0,"comment_status":"closed","ping_status":"closed","template":"","meta":{"footnotes":""},"class_list":["post-6428","page","type-page","status-publish","hentry"],"_links":{"self":[{"href":"https:\/\/techmeetings.net\/index.php\/wp-json\/wp\/v2\/pages\/6428","targetHints":{"allow":["GET"]}}],"collection":[{"href":"https:\/\/techmeetings.net\/index.php\/wp-json\/wp\/v2\/pages"}],"about":[{"href":"https:\/\/techmeetings.net\/index.php\/wp-json\/wp\/v2\/types\/page"}],"author":[{"embeddable":true,"href":"https:\/\/techmeetings.net\/index.php\/wp-json\/wp\/v2\/users\/1"}],"replies":[{"embeddable":true,"href":"https:\/\/techmeetings.net\/index.php\/wp-json\/wp\/v2\/comments?post=6428"}],"version-history":[{"count":10,"href":"https:\/\/techmeetings.net\/index.php\/wp-json\/wp\/v2\/pages\/6428\/revisions"}],"predecessor-version":[{"id":6479,"href":"https:\/\/techmeetings.net\/index.php\/wp-json\/wp\/v2\/pages\/6428\/revisions\/6479"}],"wp:attachment":[{"href":"https:\/\/techmeetings.net\/index.php\/wp-json\/wp\/v2\/media?parent=6428"}],"curies":[{"name":"wp","href":"https:\/\/api.w.org\/{rel}","templated":true}]}}