{"id":6419,"date":"2024-01-15T02:02:49","date_gmt":"2024-01-15T08:02:49","guid":{"rendered":"https:\/\/techmeetings.net\/?page_id=6419"},"modified":"2024-01-15T09:54:49","modified_gmt":"2024-01-15T15:54:49","slug":"eventos-virtuales","status":"publish","type":"page","link":"https:\/\/techmeetings.net\/index.php\/eventos-virtuales\/","title":{"rendered":"Eventos virtuales"},"content":{"rendered":"\t\t<div data-elementor-type=\"wp-page\" data-elementor-id=\"6419\" class=\"elementor elementor-6419\">\n\t\t\t\t\t\t\t<div class=\"elementor-element elementor-element-719705a e-flex e-con-boxed e-con e-parent\" data-id=\"719705a\" data-element_type=\"container\" data-settings=\"{&quot;content_width&quot;:&quot;boxed&quot;}\" data-core-v316-plus=\"true\">\n\t\t\t\t\t<div class=\"e-con-inner\">\n\t\t\t\t<div class=\"elementor-element elementor-element-a301f6a elementor-widget elementor-widget-heading\" data-id=\"a301f6a\" data-element_type=\"widget\" data-widget_type=\"heading.default\">\n\t\t\t\t<div class=\"elementor-widget-container\">\n\t\t\t<style>\/*! elementor - v3.18.0 - 20-12-2023 *\/\n.elementor-heading-title{padding:0;margin:0;line-height:1}.elementor-widget-heading .elementor-heading-title[class*=elementor-size-]>a{color:inherit;font-size:inherit;line-height:inherit}.elementor-widget-heading .elementor-heading-title.elementor-size-small{font-size:15px}.elementor-widget-heading .elementor-heading-title.elementor-size-medium{font-size:19px}.elementor-widget-heading .elementor-heading-title.elementor-size-large{font-size:29px}.elementor-widget-heading .elementor-heading-title.elementor-size-xl{font-size:39px}.elementor-widget-heading .elementor-heading-title.elementor-size-xxl{font-size:59px}<\/style><h1 class=\"elementor-heading-title elementor-size-default\">Eventos virtuales<\/h1>\t\t<\/div>\n\t\t\t\t<\/div>\n\t\t\t\t\t<\/div>\n\t\t\t\t<\/div>\n\t\t<div class=\"elementor-element elementor-element-8bb570d e-flex e-con-boxed e-con e-parent\" data-id=\"8bb570d\" data-element_type=\"container\" data-settings=\"{&quot;content_width&quot;:&quot;boxed&quot;}\" data-core-v316-plus=\"true\">\n\t\t\t\t\t<div class=\"e-con-inner\">\n\t\t<div class=\"elementor-element elementor-element-6521a89 e-con-full e-flex e-con e-child\" data-id=\"6521a89\" data-element_type=\"container\" data-settings=\"{&quot;content_width&quot;:&quot;full&quot;}\">\n\t\t\t\t<div class=\"elementor-element elementor-element-accd15d elementor-widget elementor-widget-ld_fancy_image\" data-id=\"accd15d\" data-element_type=\"widget\" data-widget_type=\"ld_fancy_image.default\">\n\t\t\t\t<div class=\"elementor-widget-container\">\n\t\t\t\n\t\t<div class=\"lqd-imggrp-single d-block pos-rel \">\n\t\t\t<div class=\"lqd-imggrp-img-container d-inline-flex pos-rel align-items-center justify-content-center \">\n\t\t\t\t\t\t\t\t<figure class=\"w-100 pos-rel\">\n\t\t\t\t\t<img fetchpriority=\"high\" decoding=\"async\" width=\"1845\" height=\"1021\" src=\"https:\/\/techmeetings.net\/wp-content\/uploads\/2024\/01\/eventovirtual.png\" class=\"attachment-full size-full wp-image-6423\" alt=\"\" srcset=\"https:\/\/techmeetings.net\/wp-content\/uploads\/2024\/01\/eventovirtual.png 1845w, https:\/\/techmeetings.net\/wp-content\/uploads\/2024\/01\/eventovirtual-300x166.png 300w, https:\/\/techmeetings.net\/wp-content\/uploads\/2024\/01\/eventovirtual-1024x567.png 1024w, https:\/\/techmeetings.net\/wp-content\/uploads\/2024\/01\/eventovirtual-1536x850.png 1536w\" sizes=\"(max-width: 1845px) 100vw, 1845px\" itemprop=\"image\" \/>\t\t\t\t\t\t\t\t\t\t\t\t\t\t\t\t\t\t\t\t\t\t\t\t\t\t\t\t\t<\/figure>\n\t\t\t<\/div>\n\t\t<\/div>\n\n\t\t\t<\/div>\n\t\t\t\t<\/div>\n\t\t\t\t<\/div>\n\t\t<div class=\"elementor-element elementor-element-59f0e56 e-con-full e-flex e-con e-child\" data-id=\"59f0e56\" data-element_type=\"container\" data-settings=\"{&quot;content_width&quot;:&quot;full&quot;}\">\n\t\t\t\t<div class=\"elementor-element elementor-element-c393c29 elementor-widget elementor-widget-heading\" data-id=\"c393c29\" data-element_type=\"widget\" data-widget_type=\"heading.default\">\n\t\t\t\t<div class=\"elementor-widget-container\">\n\t\t\t<h3 class=\"elementor-heading-title elementor-size-default\">Realiza tus eventos en l\u00ednea como conferencias, congresos o paneles a trav\u00e9s de nuestras plataformas digitales.\nInteract\u00faa en tiempo real con transmisiones en vivo, salas de chat y networking virtual de forma organizada y efectiva para conectar con audiencias globales sin la necesidad de asistencia presencial.<\/h3>\t\t<\/div>\n\t\t\t\t<\/div>\n\t\t\t\t<\/div>\n\t\t\t\t\t<\/div>\n\t\t\t\t<\/div>\n\t\t\t\t\t\t\t<\/div>\n\t\t","protected":false},"excerpt":{"rendered":"<p>Eventos virtuales Realiza tus eventos en l\u00ednea como conferencias, congresos o paneles a trav\u00e9s de nuestras plataformas digitales. Interact\u00faa en tiempo real con transmisiones en vivo, salas de chat y networking virtual de forma organizada y efectiva para conectar con audiencias globales sin la necesidad de asistencia presencial.<\/p>\n","protected":false},"author":1,"featured_media":0,"parent":0,"menu_order":0,"comment_status":"closed","ping_status":"closed","template":"","meta":{"footnotes":""},"class_list":["post-6419","page","type-page","status-publish","hentry"],"_links":{"self":[{"href":"https:\/\/techmeetings.net\/index.php\/wp-json\/wp\/v2\/pages\/6419","targetHints":{"allow":["GET"]}}],"collection":[{"href":"https:\/\/techmeetings.net\/index.php\/wp-json\/wp\/v2\/pages"}],"about":[{"href":"https:\/\/techmeetings.net\/index.php\/wp-json\/wp\/v2\/types\/page"}],"author":[{"embeddable":true,"href":"https:\/\/techmeetings.net\/index.php\/wp-json\/wp\/v2\/users\/1"}],"replies":[{"embeddable":true,"href":"https:\/\/techmeetings.net\/index.php\/wp-json\/wp\/v2\/comments?post=6419"}],"version-history":[{"count":10,"href":"https:\/\/techmeetings.net\/index.php\/wp-json\/wp\/v2\/pages\/6419\/revisions"}],"predecessor-version":[{"id":6473,"href":"https:\/\/techmeetings.net\/index.php\/wp-json\/wp\/v2\/pages\/6419\/revisions\/6473"}],"wp:attachment":[{"href":"https:\/\/techmeetings.net\/index.php\/wp-json\/wp\/v2\/media?parent=6419"}],"curies":[{"name":"wp","href":"https:\/\/api.w.org\/{rel}","templated":true}]}}