{"id":6405,"date":"2024-01-15T01:58:52","date_gmt":"2024-01-15T07:58:52","guid":{"rendered":"https:\/\/techmeetings.net\/?page_id=6405"},"modified":"2024-01-15T09:51:06","modified_gmt":"2024-01-15T15:51:06","slug":"appsmoviles","status":"publish","type":"page","link":"https:\/\/techmeetings.net\/index.php\/appsmoviles\/","title":{"rendered":"App m\u00f3viles"},"content":{"rendered":"\t\t<div data-elementor-type=\"wp-page\" data-elementor-id=\"6405\" class=\"elementor elementor-6405\">\n\t\t\t\t\t\t\t<div class=\"elementor-element elementor-element-6b27ba9 e-flex e-con-boxed e-con e-parent\" data-id=\"6b27ba9\" data-element_type=\"container\" data-settings=\"{&quot;content_width&quot;:&quot;boxed&quot;}\" data-core-v316-plus=\"true\">\n\t\t\t\t\t<div class=\"e-con-inner\">\n\t\t\t\t<div class=\"elementor-element elementor-element-f50de48 elementor-widget elementor-widget-heading\" data-id=\"f50de48\" data-element_type=\"widget\" data-widget_type=\"heading.default\">\n\t\t\t\t<div class=\"elementor-widget-container\">\n\t\t\t<style>\/*! elementor - v3.18.0 - 20-12-2023 *\/\n.elementor-heading-title{padding:0;margin:0;line-height:1}.elementor-widget-heading .elementor-heading-title[class*=elementor-size-]>a{color:inherit;font-size:inherit;line-height:inherit}.elementor-widget-heading .elementor-heading-title.elementor-size-small{font-size:15px}.elementor-widget-heading .elementor-heading-title.elementor-size-medium{font-size:19px}.elementor-widget-heading .elementor-heading-title.elementor-size-large{font-size:29px}.elementor-widget-heading .elementor-heading-title.elementor-size-xl{font-size:39px}.elementor-widget-heading .elementor-heading-title.elementor-size-xxl{font-size:59px}<\/style><h1 class=\"elementor-heading-title elementor-size-default\">Aplicaciones M\u00f3viles<\/h1>\t\t<\/div>\n\t\t\t\t<\/div>\n\t\t\t\t\t<\/div>\n\t\t\t\t<\/div>\n\t\t<div class=\"elementor-element elementor-element-00e0347 e-flex e-con-boxed e-con e-parent\" data-id=\"00e0347\" data-element_type=\"container\" data-settings=\"{&quot;content_width&quot;:&quot;boxed&quot;}\" data-core-v316-plus=\"true\">\n\t\t\t\t\t<div class=\"e-con-inner\">\n\t\t<div class=\"elementor-element elementor-element-0fb427f e-con-full e-flex e-con e-child\" data-id=\"0fb427f\" data-element_type=\"container\" data-settings=\"{&quot;content_width&quot;:&quot;full&quot;}\">\n\t\t\t\t<div class=\"elementor-element elementor-element-05e6892 elementor-widget elementor-widget-ld_fancy_image\" data-id=\"05e6892\" data-element_type=\"widget\" data-widget_type=\"ld_fancy_image.default\">\n\t\t\t\t<div class=\"elementor-widget-container\">\n\t\t\t\n\t\t<div class=\"lqd-imggrp-single d-block pos-rel \">\n\t\t\t<div class=\"lqd-imggrp-img-container d-inline-flex pos-rel align-items-center justify-content-center \">\n\t\t\t\t\t\t\t\t<figure class=\"w-100 pos-rel\">\n\t\t\t\t\t<img fetchpriority=\"high\" decoding=\"async\" width=\"3333\" height=\"3333\" src=\"https:\/\/techmeetings.net\/wp-content\/uploads\/2024\/01\/DISENO-DE-APPS-1.jpg\" class=\"attachment-full size-full wp-image-6408\" alt=\"\" srcset=\"https:\/\/techmeetings.net\/wp-content\/uploads\/2024\/01\/DISENO-DE-APPS-1.jpg 3333w, https:\/\/techmeetings.net\/wp-content\/uploads\/2024\/01\/DISENO-DE-APPS-1-300x300.jpg 300w, https:\/\/techmeetings.net\/wp-content\/uploads\/2024\/01\/DISENO-DE-APPS-1-1024x1024.jpg 1024w, https:\/\/techmeetings.net\/wp-content\/uploads\/2024\/01\/DISENO-DE-APPS-1-150x150.jpg 150w, https:\/\/techmeetings.net\/wp-content\/uploads\/2024\/01\/DISENO-DE-APPS-1-1536x1536.jpg 1536w, https:\/\/techmeetings.net\/wp-content\/uploads\/2024\/01\/DISENO-DE-APPS-1-2048x2048.jpg 2048w, https:\/\/techmeetings.net\/wp-content\/uploads\/2024\/01\/DISENO-DE-APPS-1-320x320.jpg 320w, https:\/\/techmeetings.net\/wp-content\/uploads\/2024\/01\/DISENO-DE-APPS-1-760x760.jpg 760w\" sizes=\"(max-width: 3333px) 100vw, 3333px\" itemprop=\"image\" \/>\t\t\t\t\t\t\t\t\t\t\t\t\t\t\t\t\t\t\t\t\t\t\t\t\t\t\t\t\t<\/figure>\n\t\t\t<\/div>\n\t\t<\/div>\n\n\t\t\t<\/div>\n\t\t\t\t<\/div>\n\t\t\t\t<\/div>\n\t\t<div class=\"elementor-element elementor-element-b179a97 e-con-full e-flex e-con e-child\" data-id=\"b179a97\" data-element_type=\"container\" data-settings=\"{&quot;content_width&quot;:&quot;full&quot;}\">\n\t\t\t\t<div class=\"elementor-element elementor-element-c15e73f elementor-widget elementor-widget-heading\" data-id=\"c15e73f\" data-element_type=\"widget\" data-widget_type=\"heading.default\">\n\t\t\t\t<div class=\"elementor-widget-container\">\n\t\t\t<h3 class=\"elementor-heading-title elementor-size-default\">Creamos aplicaciones m\u00f3viles que facilitan la gesti\u00f3n, interacci\u00f3n, participaci\u00f3n y promoci\u00f3n en eventos.\nIncluye funciones como registro y programaci\u00f3n de notificaciones, creando una experiencia \u00fanica para organizadores y asistentes.<\/h3>\t\t<\/div>\n\t\t\t\t<\/div>\n\t\t\t\t<\/div>\n\t\t\t\t\t<\/div>\n\t\t\t\t<\/div>\n\t\t\t\t\t\t\t<\/div>\n\t\t","protected":false},"excerpt":{"rendered":"<p>Aplicaciones M\u00f3viles Creamos aplicaciones m\u00f3viles que facilitan la gesti\u00f3n, interacci\u00f3n, participaci\u00f3n y promoci\u00f3n en eventos. Incluye funciones como registro y programaci\u00f3n de notificaciones, creando una experiencia \u00fanica para organizadores y asistentes.<\/p>\n","protected":false},"author":1,"featured_media":0,"parent":0,"menu_order":0,"comment_status":"closed","ping_status":"closed","template":"","meta":{"footnotes":""},"class_list":["post-6405","page","type-page","status-publish","hentry"],"_links":{"self":[{"href":"https:\/\/techmeetings.net\/index.php\/wp-json\/wp\/v2\/pages\/6405","targetHints":{"allow":["GET"]}}],"collection":[{"href":"https:\/\/techmeetings.net\/index.php\/wp-json\/wp\/v2\/pages"}],"about":[{"href":"https:\/\/techmeetings.net\/index.php\/wp-json\/wp\/v2\/types\/page"}],"author":[{"embeddable":true,"href":"https:\/\/techmeetings.net\/index.php\/wp-json\/wp\/v2\/users\/1"}],"replies":[{"embeddable":true,"href":"https:\/\/techmeetings.net\/index.php\/wp-json\/wp\/v2\/comments?post=6405"}],"version-history":[{"count":23,"href":"https:\/\/techmeetings.net\/index.php\/wp-json\/wp\/v2\/pages\/6405\/revisions"}],"predecessor-version":[{"id":6464,"href":"https:\/\/techmeetings.net\/index.php\/wp-json\/wp\/v2\/pages\/6405\/revisions\/6464"}],"wp:attachment":[{"href":"https:\/\/techmeetings.net\/index.php\/wp-json\/wp\/v2\/media?parent=6405"}],"curies":[{"name":"wp","href":"https:\/\/api.w.org\/{rel}","templated":true}]}}