{"id":6386,"date":"2024-01-15T01:45:30","date_gmt":"2024-01-15T07:45:30","guid":{"rendered":"https:\/\/techmeetings.net\/?page_id=6386"},"modified":"2024-01-15T10:02:48","modified_gmt":"2024-01-15T16:02:48","slug":"registro-linea","status":"publish","type":"page","link":"https:\/\/techmeetings.net\/index.php\/registro-linea\/","title":{"rendered":"Registro en l\u00ednea"},"content":{"rendered":"\t\t<div data-elementor-type=\"wp-page\" data-elementor-id=\"6386\" class=\"elementor elementor-6386\">\n\t\t\t\t\t\t\t<div class=\"elementor-element elementor-element-d3c900b e-flex e-con-boxed e-con e-parent\" data-id=\"d3c900b\" data-element_type=\"container\" data-settings=\"{&quot;content_width&quot;:&quot;boxed&quot;}\" data-core-v316-plus=\"true\">\n\t\t\t\t\t<div class=\"e-con-inner\">\n\t\t\t\t<div class=\"elementor-element elementor-element-963cd40 elementor-widget elementor-widget-heading\" data-id=\"963cd40\" data-element_type=\"widget\" data-widget_type=\"heading.default\">\n\t\t\t\t<div class=\"elementor-widget-container\">\n\t\t\t<style>\/*! elementor - v3.18.0 - 20-12-2023 *\/\n.elementor-heading-title{padding:0;margin:0;line-height:1}.elementor-widget-heading .elementor-heading-title[class*=elementor-size-]>a{color:inherit;font-size:inherit;line-height:inherit}.elementor-widget-heading .elementor-heading-title.elementor-size-small{font-size:15px}.elementor-widget-heading .elementor-heading-title.elementor-size-medium{font-size:19px}.elementor-widget-heading .elementor-heading-title.elementor-size-large{font-size:29px}.elementor-widget-heading .elementor-heading-title.elementor-size-xl{font-size:39px}.elementor-widget-heading .elementor-heading-title.elementor-size-xxl{font-size:59px}<\/style><h1 class=\"elementor-heading-title elementor-size-default\">Registro en l\u00ednea<\/h1>\t\t<\/div>\n\t\t\t\t<\/div>\n\t\t\t\t\t<\/div>\n\t\t\t\t<\/div>\n\t\t<div class=\"elementor-element elementor-element-3071969 e-flex e-con-boxed e-con e-parent\" data-id=\"3071969\" data-element_type=\"container\" data-settings=\"{&quot;content_width&quot;:&quot;boxed&quot;}\" data-core-v316-plus=\"true\">\n\t\t\t\t\t<div class=\"e-con-inner\">\n\t\t<div class=\"elementor-element elementor-element-b4194e2 e-con-full e-flex e-con e-child\" data-id=\"b4194e2\" data-element_type=\"container\" data-settings=\"{&quot;content_width&quot;:&quot;full&quot;}\">\n\t\t\t\t<div class=\"elementor-element elementor-element-3ada2b4 elementor-widget elementor-widget-ld_fancy_image\" data-id=\"3ada2b4\" data-element_type=\"widget\" data-widget_type=\"ld_fancy_image.default\">\n\t\t\t\t<div class=\"elementor-widget-container\">\n\t\t\t\n\t\t<div class=\"lqd-imggrp-single d-block pos-rel \">\n\t\t\t<div class=\"lqd-imggrp-img-container d-inline-flex pos-rel align-items-center justify-content-center \">\n\t\t\t\t\t\t\t\t<figure class=\"w-100 pos-rel\">\n\t\t\t\t\t<img fetchpriority=\"high\" decoding=\"async\" width=\"1080\" height=\"1080\" src=\"https:\/\/techmeetings.net\/wp-content\/uploads\/2024\/01\/REGISTRO-EN-LINEA-1.jpg\" class=\"attachment-full size-full wp-image-6381\" alt=\"\" srcset=\"https:\/\/techmeetings.net\/wp-content\/uploads\/2024\/01\/REGISTRO-EN-LINEA-1.jpg 1080w, https:\/\/techmeetings.net\/wp-content\/uploads\/2024\/01\/REGISTRO-EN-LINEA-1-300x300.jpg 300w, https:\/\/techmeetings.net\/wp-content\/uploads\/2024\/01\/REGISTRO-EN-LINEA-1-1024x1024.jpg 1024w, https:\/\/techmeetings.net\/wp-content\/uploads\/2024\/01\/REGISTRO-EN-LINEA-1-150x150.jpg 150w, https:\/\/techmeetings.net\/wp-content\/uploads\/2024\/01\/REGISTRO-EN-LINEA-1-320x320.jpg 320w, https:\/\/techmeetings.net\/wp-content\/uploads\/2024\/01\/REGISTRO-EN-LINEA-1-760x760.jpg 760w\" sizes=\"(max-width: 1080px) 100vw, 1080px\" itemprop=\"image\" \/>\t\t\t\t\t\t\t\t\t\t\t\t\t\t\t\t\t\t\t\t\t\t\t\t\t\t\t\t\t<\/figure>\n\t\t\t<\/div>\n\t\t<\/div>\n\n\t\t\t<\/div>\n\t\t\t\t<\/div>\n\t\t\t\t<\/div>\n\t\t<div class=\"elementor-element elementor-element-45ca818 e-con-full e-flex e-con e-child\" data-id=\"45ca818\" data-element_type=\"container\" data-settings=\"{&quot;content_width&quot;:&quot;full&quot;}\">\n\t\t\t\t<div class=\"elementor-element elementor-element-5ba1999 elementor-widget elementor-widget-heading\" data-id=\"5ba1999\" data-element_type=\"widget\" data-widget_type=\"heading.default\">\n\t\t\t\t<div class=\"elementor-widget-container\">\n\t\t\t<h3 class=\"elementor-heading-title elementor-size-default\">Simplifica el proceso de inscripci\u00f3n y recopilaci\u00f3n de datos con nuestra plataforma de pre-registro en l\u00ednea. Proporciona informaci\u00f3n y administra el registro de forma eficiente y segura, ahorrando tiempo y recursos<\/h3>\t\t<\/div>\n\t\t\t\t<\/div>\n\t\t\t\t<\/div>\n\t\t\t\t\t<\/div>\n\t\t\t\t<\/div>\n\t\t\t\t\t\t\t<\/div>\n\t\t","protected":false},"excerpt":{"rendered":"<p>Registro en l\u00ednea Simplifica el proceso de inscripci\u00f3n y recopilaci\u00f3n de datos con nuestra plataforma de pre-registro en l\u00ednea. Proporciona informaci\u00f3n y administra el registro de forma eficiente y segura, ahorrando tiempo y recursos<\/p>\n","protected":false},"author":1,"featured_media":0,"parent":0,"menu_order":0,"comment_status":"closed","ping_status":"closed","template":"","meta":{"footnotes":""},"class_list":["post-6386","page","type-page","status-publish","hentry"],"_links":{"self":[{"href":"https:\/\/techmeetings.net\/index.php\/wp-json\/wp\/v2\/pages\/6386","targetHints":{"allow":["GET"]}}],"collection":[{"href":"https:\/\/techmeetings.net\/index.php\/wp-json\/wp\/v2\/pages"}],"about":[{"href":"https:\/\/techmeetings.net\/index.php\/wp-json\/wp\/v2\/types\/page"}],"author":[{"embeddable":true,"href":"https:\/\/techmeetings.net\/index.php\/wp-json\/wp\/v2\/users\/1"}],"replies":[{"embeddable":true,"href":"https:\/\/techmeetings.net\/index.php\/wp-json\/wp\/v2\/comments?post=6386"}],"version-history":[{"count":7,"href":"https:\/\/techmeetings.net\/index.php\/wp-json\/wp\/v2\/pages\/6386\/revisions"}],"predecessor-version":[{"id":6485,"href":"https:\/\/techmeetings.net\/index.php\/wp-json\/wp\/v2\/pages\/6386\/revisions\/6485"}],"wp:attachment":[{"href":"https:\/\/techmeetings.net\/index.php\/wp-json\/wp\/v2\/media?parent=6386"}],"curies":[{"name":"wp","href":"https:\/\/api.w.org\/{rel}","templated":true}]}}