{"id":6250,"date":"2023-06-07T16:59:08","date_gmt":"2023-06-07T22:59:08","guid":{"rendered":"https:\/\/techmeetings.net\/?page_id=6250"},"modified":"2024-01-15T13:12:40","modified_gmt":"2024-01-15T19:12:40","slug":"nosotros","status":"publish","type":"page","link":"https:\/\/techmeetings.net\/index.php\/nosotros\/","title":{"rendered":"Nosotros"},"content":{"rendered":"\t\t<div data-elementor-type=\"wp-page\" data-elementor-id=\"6250\" class=\"elementor elementor-6250\">\n\t\t\t\t\t\t\t\t\t<section class=\"elementor-section elementor-top-section elementor-element elementor-element-7ea4eda elementor-section-content-middle elementor-section-boxed elementor-section-height-default elementor-section-height-default\" data-id=\"7ea4eda\" data-element_type=\"section\">\n\t\t\t\t\t\t<div class=\"elementor-container elementor-column-gap-default\">\n\t\t\t\t\t<div class=\"elementor-column elementor-col-50 elementor-top-column elementor-element elementor-element-e492d46\" data-id=\"e492d46\" data-element_type=\"column\">\n\t\t\t<div class=\"elementor-widget-wrap elementor-element-populated\">\n\t\t\t\t\t\t\t\t<div class=\"elementor-element elementor-element-92cf561 elementor-widget elementor-widget-ld_fancy_image\" data-id=\"92cf561\" data-element_type=\"widget\" data-widget_type=\"ld_fancy_image.default\">\n\t\t\t\t<div class=\"elementor-widget-container\">\n\t\t\t\n\t\t<div class=\"lqd-imggrp-single d-block pos-rel \" data-shadow-style=\"4\">\n\t\t\t<div class=\"lqd-imggrp-img-container d-inline-flex pos-rel align-items-center justify-content-center \">\n\t\t\t\t\t\t\t\t<figure class=\"w-100 pos-rel\">\n\t\t\t\t\t<img fetchpriority=\"high\" decoding=\"async\" width=\"2048\" height=\"1408\" src=\"https:\/\/techmeetings.net\/wp-content\/uploads\/2023\/06\/337424457_231645119345962_7881904064295403216_n.jpg\" class=\"attachment-full size-full wp-image-6306\" alt=\"\" srcset=\"https:\/\/techmeetings.net\/wp-content\/uploads\/2023\/06\/337424457_231645119345962_7881904064295403216_n.jpg 2048w, https:\/\/techmeetings.net\/wp-content\/uploads\/2023\/06\/337424457_231645119345962_7881904064295403216_n-300x206.jpg 300w, https:\/\/techmeetings.net\/wp-content\/uploads\/2023\/06\/337424457_231645119345962_7881904064295403216_n-1024x704.jpg 1024w, https:\/\/techmeetings.net\/wp-content\/uploads\/2023\/06\/337424457_231645119345962_7881904064295403216_n-1536x1056.jpg 1536w\" sizes=\"(max-width: 2048px) 100vw, 2048px\" itemprop=\"image\" \/>\t\t\t\t\t\t\t\t\t\t\t\t\t\t\t\t\t\t\t\t\t\t\t\t\t\t\t\t\t<\/figure>\n\t\t\t<\/div>\n\t\t<\/div>\n\n\t\t\t<\/div>\n\t\t\t\t<\/div>\n\t\t\t\t\t<\/div>\n\t\t<\/div>\n\t\t\t\t<div data-custom-animations=\"true\" data-ca-options=\"{&quot;addChildTimelines&quot;:false,&quot;animationTarget&quot;:&quot;:scope &gt; .elementor-widget-wrap &gt; .elementor-element &gt; .elementor-widget-container, :scope &gt; .elementor-widget-wrap &gt; .elementor-section &gt; .elementor-container &gt; .elementor-column &gt; .elementor-widget-wrap &gt; .elementor-element:not(.lqd-el-has-inner-anim) &gt; .elementor-widget-container, :scope &gt; .elementor-widget-wrap &gt; .elementor-widget-hub_fancy_heading .lqd-split-lines .lqd-lines .split-inner, :scope &gt; .elementor-widget-wrap &gt; .elementor-widget-hub_fancy_heading .lqd-split-words .lqd-words .split-inner, :scope &gt; .elementor-widget-wrap &gt; .elementor-widget-hub_fancy_heading .lqd-split-chars .lqd-chars .split-inner, :scope &gt; .elementor-widget-wrap &gt; .elementor-widget-ld_custom_menu .lqd-fancy-menu &gt; ul &gt; li&quot;,&quot;startDelay&quot;:500,&quot;delay&quot;:120,&quot;ease&quot;:[&quot;power4.out&quot;],&quot;initValues&quot;:{&quot;y&quot;:&quot;45px&quot;,&quot;opacity&quot;:0},&quot;animations&quot;:{&quot;y&quot;:&quot;0px&quot;,&quot;opacity&quot;:1}}\" class=\"elementor-column elementor-col-50 elementor-top-column elementor-element elementor-element-0a4b414\" data-id=\"0a4b414\" data-element_type=\"column\">\n\t\t\t<div class=\"elementor-widget-wrap elementor-element-populated\">\n\t\t\t\t\t\t\t\t<div class=\"elementor-element elementor-element-6a19ccb elementor-widget elementor-widget-hub_fancy_heading\" data-id=\"6a19ccb\" data-element_type=\"widget\" data-widget_type=\"hub_fancy_heading.default\">\n\t\t\t\t<div class=\"elementor-widget-container\">\n\t\t\t\n\t\t<div id=\"ld-fancy-heading-69d2ad88aefc0\" class=\"ld-fancy-heading pos-rel\">\n\t\t\t<h2 class=\"ld-fh-element d-inline-block pos-rel  elementor-heading-title lqd-highlight-classic lqd-highlight-grow-left h2\"  > Historia de Grupo Standex<\/h2>\t\t<\/div>\n\n\t\t\t\t<\/div>\n\t\t\t\t<\/div>\n\t\t\t\t<div class=\"elementor-element elementor-element-762da22 elementor-widget elementor-widget-hub_fancy_heading\" data-id=\"762da22\" data-element_type=\"widget\" data-widget_type=\"hub_fancy_heading.default\">\n\t\t\t\t<div class=\"elementor-widget-container\">\n\t\t\t\n\t\t<div id=\"ld-fancy-heading-69d2ad88af6af\" class=\"ld-fancy-heading pos-rel\">\n\t\t\t<p class=\"ld-fh-element d-inline-block pos-rel  lqd-highlight-classic lqd-highlight-grow-left p\"  > Grupo Standex nace en 1993 como un DMC bajo el nombre de Viisa Travel dentro del Centro Internacional Acapulco, principal recinto para Congresos y Convenciones a nivel Nacional e Internacional. Hoy en d\u00eda contamos con una infraestructura robusta en materia de Congresos, Convenciones y Exposiciones con divisiones especializadas por rubro y con una capacidad de respuesta inmediata ya que no tenemos intermediarios en nuestros servicios; y con ello podemos garantizar la calidad en cada experiencia. \n<br><br><br><\/p>\t\t<\/div>\n\n\t\t\t\t<\/div>\n\t\t\t\t<\/div>\n\t\t\t\t\t<\/div>\n\t\t<\/div>\n\t\t\t\t\t\t\t<\/div>\n\t\t<\/section>\n\t\t\t\t<section class=\"elementor-section elementor-top-section elementor-element elementor-element-c3261cd elementor-section-content-middle elementor-reverse-mobile elementor-section-boxed elementor-section-height-default elementor-section-height-default\" data-id=\"c3261cd\" data-element_type=\"section\">\n\t\t\t\t\t\t<div class=\"elementor-container elementor-column-gap-extended\">\n\t\t\t\t\t<div data-custom-animations=\"true\" data-ca-options=\"{&quot;addChildTimelines&quot;:false,&quot;animationTarget&quot;:&quot;:scope &gt; .elementor-widget-wrap &gt; .elementor-element &gt; .elementor-widget-container, :scope &gt; .elementor-widget-wrap &gt; .elementor-section &gt; .elementor-container &gt; .elementor-column &gt; .elementor-widget-wrap &gt; .elementor-element:not(.lqd-el-has-inner-anim) &gt; .elementor-widget-container, :scope &gt; .elementor-widget-wrap &gt; .elementor-widget-hub_fancy_heading .lqd-split-lines .lqd-lines .split-inner, :scope &gt; .elementor-widget-wrap &gt; .elementor-widget-hub_fancy_heading .lqd-split-words .lqd-words .split-inner, :scope &gt; .elementor-widget-wrap &gt; .elementor-widget-hub_fancy_heading .lqd-split-chars .lqd-chars .split-inner, :scope &gt; .elementor-widget-wrap &gt; .elementor-widget-ld_custom_menu .lqd-fancy-menu &gt; ul &gt; li&quot;,&quot;ease&quot;:[&quot;power4.out&quot;],&quot;initValues&quot;:{&quot;y&quot;:&quot;55px&quot;,&quot;opacity&quot;:0},&quot;animations&quot;:{&quot;y&quot;:&quot;0px&quot;,&quot;opacity&quot;:1}}\" class=\"elementor-column elementor-col-50 elementor-top-column elementor-element elementor-element-f46a2fd\" data-id=\"f46a2fd\" data-element_type=\"column\">\n\t\t\t<div class=\"elementor-widget-wrap elementor-element-populated\">\n\t\t\t\t\t\t\t\t<div class=\"elementor-element elementor-element-c8ba5df elementor-widget elementor-widget-hub_fancy_heading\" data-id=\"c8ba5df\" data-element_type=\"widget\" data-widget_type=\"hub_fancy_heading.default\">\n\t\t\t\t<div class=\"elementor-widget-container\">\n\t\t\t\n\t\t<div id=\"ld-fancy-heading-69d2ad88b06fd\" class=\"ld-fancy-heading pos-rel\">\n\t\t\t<h2 class=\"ld-fh-element d-inline-block pos-rel  elementor-heading-title lqd-highlight-classic lqd-highlight-grow-left h2\"  > \u00bfQui\u00e9nes somos?<\/h2>\t\t<\/div>\n\n\t\t\t\t<\/div>\n\t\t\t\t<\/div>\n\t\t\t\t<div class=\"elementor-element elementor-element-94ba515 elementor-widget elementor-widget-hub_fancy_heading\" data-id=\"94ba515\" data-element_type=\"widget\" data-widget_type=\"hub_fancy_heading.default\">\n\t\t\t\t<div class=\"elementor-widget-container\">\n\t\t\t\n\t\t<div id=\"ld-fancy-heading-69d2ad88b0be3\" class=\"ld-fancy-heading pos-rel\">\n\t\t\t<p class=\"ld-fh-element d-inline-block pos-rel  lqd-highlight-classic lqd-highlight-grow-left p\"  > Somos organizadores y productores de Exposiciones, Congresos y Convenciones con una experiencia de m\u00e1s de 30 a\u00f1os en el mercado. Creamos proyectos integrales innovadores y experiencias con marcas y personas. Realizamos la planeaci\u00f3n, log\u00edstica y dise\u00f1o de stands t\u00edpicos, stands corporativos, pabellones, escenograf\u00edas, m\u00f3dulos de registro y arcos de entrada. Contamos con la infraestructura para la comercializaci\u00f3n, producci\u00f3n y montaje con presencia en eventos de talla nacional e internacional. \n\t\t\t\t\t\t\t\t\t\t\t\t\t\t<\/p>\t\t<\/div>\n\n\t\t\t\t<\/div>\n\t\t\t\t<\/div>\n\t\t\t\t<div class=\"elementor-element elementor-element-6c50c26 elementor-widget elementor-widget-hub_fancy_heading\" data-id=\"6c50c26\" data-element_type=\"widget\" data-widget_type=\"hub_fancy_heading.default\">\n\t\t\t\t<div class=\"elementor-widget-container\">\n\t\t\t\n\t\t<div id=\"ld-fancy-heading-69d2ad88b107a\" class=\"ld-fancy-heading pos-rel\">\n\t\t\t<h2 class=\"ld-fh-element d-inline-block pos-rel  elementor-heading-title lqd-highlight-classic lqd-highlight-grow-left h2\"  > Misi\u00f3n<\/h2>\t\t<\/div>\n\n\t\t\t\t<\/div>\n\t\t\t\t<\/div>\n\t\t\t\t<div class=\"elementor-element elementor-element-56fcfd5 elementor-widget elementor-widget-hub_fancy_heading\" data-id=\"56fcfd5\" data-element_type=\"widget\" data-widget_type=\"hub_fancy_heading.default\">\n\t\t\t\t<div class=\"elementor-widget-container\">\n\t\t\t\n\t\t<div id=\"ld-fancy-heading-69d2ad88b153c\" class=\"ld-fancy-heading pos-rel\">\n\t\t\t<p class=\"ld-fh-element d-inline-block pos-rel  lqd-highlight-classic lqd-highlight-grow-left p\"  > Nuestra misi\u00f3n principal es servir a Dios con nuestro trabajo, buscando la satisfacci\u00f3n total de los clientes a trav\u00e9s de la integraci\u00f3n de un equipo de trabajo eficiente, que tenga como consecuencia el crecimiento sostenible de la empresa y sus colaboradores. \n\t\t\t\t\t\t\t\t\t\t\t\t\t\t\t\t\t\t\t\t\t<\/p>\t\t<\/div>\n\n\t\t\t\t<\/div>\n\t\t\t\t<\/div>\n\t\t\t\t<div class=\"elementor-element elementor-element-40cdd0f elementor-widget elementor-widget-hub_fancy_heading\" data-id=\"40cdd0f\" data-element_type=\"widget\" data-widget_type=\"hub_fancy_heading.default\">\n\t\t\t\t<div class=\"elementor-widget-container\">\n\t\t\t\n\t\t<div id=\"ld-fancy-heading-69d2ad88b1a1f\" class=\"ld-fancy-heading pos-rel\">\n\t\t\t<h2 class=\"ld-fh-element d-inline-block pos-rel  elementor-heading-title lqd-highlight-classic lqd-highlight-grow-left h2\"  > Visi\u00f3n<\/h2>\t\t<\/div>\n\n\t\t\t\t<\/div>\n\t\t\t\t<\/div>\n\t\t\t\t<div class=\"elementor-element elementor-element-044b542 elementor-widget elementor-widget-hub_fancy_heading\" data-id=\"044b542\" data-element_type=\"widget\" data-widget_type=\"hub_fancy_heading.default\">\n\t\t\t\t<div class=\"elementor-widget-container\">\n\t\t\t\n\t\t<div id=\"ld-fancy-heading-69d2ad88b1f0d\" class=\"ld-fancy-heading pos-rel\">\n\t\t\t<p class=\"ld-fh-element d-inline-block pos-rel  lqd-highlight-classic lqd-highlight-grow-left p\"  > Nuestra visi\u00f3n es ser una compa\u00f1\u00eda autosuficiente en los servicios que ofrece a sus clientes, buscando su satisfacci\u00f3n con mayor rentabilidad. \n\t\t\t\t\t\t\t\t\t\t\t\t\t\t\t\t\t\t\t\t\t\t\t\t\t\t\t\t<\/p>\t\t<\/div>\n\n\t\t\t\t<\/div>\n\t\t\t\t<\/div>\n\t\t\t\t\t<\/div>\n\t\t<\/div>\n\t\t\t\t<div class=\"elementor-column elementor-col-50 elementor-top-column elementor-element elementor-element-068ca88\" data-id=\"068ca88\" data-element_type=\"column\">\n\t\t\t<div class=\"elementor-widget-wrap elementor-element-populated\">\n\t\t\t\t\t\t\t\t<div class=\"elementor-element elementor-element-7512a4e elementor-widget elementor-widget-ld_fancy_image\" data-id=\"7512a4e\" data-element_type=\"widget\" data-widget_type=\"ld_fancy_image.default\">\n\t\t\t\t<div class=\"elementor-widget-container\">\n\t\t\t\n\t\t<div class=\"lqd-imggrp-single d-block pos-rel \">\n\t\t\t<div class=\"lqd-imggrp-img-container d-inline-flex pos-rel align-items-center justify-content-center \">\n\t\t\t\t\t\t\t\t<figure class=\"w-100 pos-rel\">\n\t\t\t\t\t<img decoding=\"async\" width=\"3925\" height=\"3456\" src=\"data:image\/svg+xml;charset=utf-8,%3Csvg xmlns%3D&#039;http%3A%2F%2Fwww.w3.org%2F2000%2Fsvg&#039; viewBox%3D&#039;0 0 3925 3456&#039;%2F%3E\" class=\"attachment-full size-full wp-image-6373 ld-lazyload\" alt=\"\" itemprop=\"image\" data-src=\"https:\/\/techmeetings.net\/wp-content\/uploads\/2024\/01\/IMG_9965.jpg\" data-srcset=\"https:\/\/techmeetings.net\/wp-content\/uploads\/2024\/01\/IMG_9965.jpg 3925w, https:\/\/techmeetings.net\/wp-content\/uploads\/2024\/01\/IMG_9965-300x264.jpg 300w, https:\/\/techmeetings.net\/wp-content\/uploads\/2024\/01\/IMG_9965-1024x902.jpg 1024w, https:\/\/techmeetings.net\/wp-content\/uploads\/2024\/01\/IMG_9965-1536x1352.jpg 1536w, https:\/\/techmeetings.net\/wp-content\/uploads\/2024\/01\/IMG_9965-2048x1803.jpg 2048w\" data-sizes=\"(max-width: 3925px) 100vw, 3925px\" data-aspect=\"1.1357060185185\" \/>\t\t\t\t\t\t\t\t\t\t\t\t\t\t\t\t\t\t\t\t\t\t\t\t\t\t\t\t\t<\/figure>\n\t\t\t<\/div>\n\t\t<\/div>\n\n\t\t\t<\/div>\n\t\t\t\t<\/div>\n\t\t\t\t\t<\/div>\n\t\t<\/div>\n\t\t\t\t\t\t\t<\/div>\n\t\t<\/section>\n\t\t\t\t\t\t\t<\/div>\n\t\t","protected":false},"excerpt":{"rendered":"<p>Historia de Grupo Standex Grupo Standex nace en 1993 como un DMC bajo el nombre de Viisa Travel dentro del Centro Internacional Acapulco, principal recinto para Congresos y Convenciones a nivel Nacional e Internacional. Hoy en d\u00eda contamos con una infraestructura robusta en materia de Congresos, Convenciones y Exposiciones con divisiones especializadas por rubro y [&hellip;]<\/p>\n","protected":false},"author":1,"featured_media":0,"parent":0,"menu_order":0,"comment_status":"closed","ping_status":"closed","template":"","meta":{"footnotes":""},"class_list":["post-6250","page","type-page","status-publish","hentry"],"_links":{"self":[{"href":"https:\/\/techmeetings.net\/index.php\/wp-json\/wp\/v2\/pages\/6250","targetHints":{"allow":["GET"]}}],"collection":[{"href":"https:\/\/techmeetings.net\/index.php\/wp-json\/wp\/v2\/pages"}],"about":[{"href":"https:\/\/techmeetings.net\/index.php\/wp-json\/wp\/v2\/types\/page"}],"author":[{"embeddable":true,"href":"https:\/\/techmeetings.net\/index.php\/wp-json\/wp\/v2\/users\/1"}],"replies":[{"embeddable":true,"href":"https:\/\/techmeetings.net\/index.php\/wp-json\/wp\/v2\/comments?post=6250"}],"version-history":[{"count":22,"href":"https:\/\/techmeetings.net\/index.php\/wp-json\/wp\/v2\/pages\/6250\/revisions"}],"predecessor-version":[{"id":6502,"href":"https:\/\/techmeetings.net\/index.php\/wp-json\/wp\/v2\/pages\/6250\/revisions\/6502"}],"wp:attachment":[{"href":"https:\/\/techmeetings.net\/index.php\/wp-json\/wp\/v2\/media?parent=6250"}],"curies":[{"name":"wp","href":"https:\/\/api.w.org\/{rel}","templated":true}]}}